{"id":77,"date":"2023-03-18T16:04:08","date_gmt":"2023-03-18T16:04:08","guid":{"rendered":"https:\/\/ktopytaniebladzi.com\/?page_id=77"},"modified":"2023-03-18T20:23:00","modified_gmt":"2023-03-18T20:23:00","slug":"strona-glowna","status":"publish","type":"page","link":"https:\/\/ktopytaniebladzi.com\/","title":{"rendered":"Strona g\u0142\u00f3wna"},"content":{"rendered":"\n<div style=\"height:100px\" aria-hidden=\"true\" class=\"wp-block-spacer\"><\/div>\n\n\n\n<div class=\"wp-block-columns is-layout-flex wp-container-core-columns-is-layout-9d6595d7 wp-block-columns-is-layout-flex\">\n<div class=\"wp-block-column is-layout-flow wp-block-column-is-layout-flow\" style=\"flex-basis:25%\">\n<p><\/p>\n<\/div>\n\n\n\n<div class=\"wp-block-column is-layout-flow wp-block-column-is-layout-flow\" style=\"flex-basis:50%\">\n<p class=\"has-text-align-center has-medium-font-size\">Kto pyta nie b\u0142\u0105dzi! Projekt nastawiony na pytania oraz, przede wszystkim, odpowiedzi. Niecodzienne, oryginalne, a jak\u017ce wra\u017cliwe.<\/p>\n\n\n\n<p class=\"has-text-align-center has-medium-font-size\">W konkretnym odcinku wyst\u0119puje Go\u015b\u0107 b\u0105d\u017a Go\u015bcini, Ekspert b\u0105d\u017a Ekspertka, z kt\u00f3rym\/-\u0105 porozmawiam o sprawach wa\u017cnych i mniej wa\u017cnych, tych, kt\u00f3re Ci\u0119 zainteresuj\u0105 albo nie. Zapraszam Go\u015bci, z kt\u00f3rymi wsp\u00f3lnie szukamy odpowiedzi, bo podobno&#8230;<\/p>\n\n\n<div class=\"wp-block-image\">\n<figure class=\"aligncenter size-full\"><img loading=\"lazy\" decoding=\"async\" width=\"500\" height=\"500\" src=\"http:\/\/ktopytaniebladzi.com\/wp-content\/uploads\/2023\/03\/cropped-logologo.png\" alt=\"\" class=\"wp-image-45\" srcset=\"https:\/\/ktopytaniebladzi.com\/wp-content\/uploads\/2023\/03\/cropped-logologo.png 500w, https:\/\/ktopytaniebladzi.com\/wp-content\/uploads\/2023\/03\/cropped-logologo-300x300.png 300w, https:\/\/ktopytaniebladzi.com\/wp-content\/uploads\/2023\/03\/cropped-logologo-150x150.png 150w\" sizes=\"auto, (max-width: 500px) 100vw, 500px\" \/><\/figure>\n<\/div>\n\n\n<p class=\"has-text-align-center has-medium-font-size\">O wszystkim warto rozmawia\u0107. B\u0105d\u017a wi\u0119c na bie\u017c\u0105co, bo tutaj cz\u0119sto dzia\u0107 si\u0119 b\u0119dzie!<\/p>\n\n\n\n<p class=\"has-text-align-center has-large-font-size\">PROBLEM | PROWOKACJA | PYTANIE | ODPOWIED\u0179 <\/p>\n\n\n\n<p class=\"has-text-align-center has-medium-font-size\">Zapraszam do \u015bwiata mojego podcastu<\/p>\n\n\n\n<p class=\"has-text-align-center has-medium-font-size\">Bartosz Matras         <\/p>\n\n\n\n<p class=\"has-text-align-center\"> <img loading=\"lazy\" decoding=\"async\" class=\"wp-image-111\" src=\"http:\/\/ktopytaniebladzi.com\/wp-content\/uploads\/2023\/03\/Untitled-1024x298.png\" alt=\"\" width=\"297\" height=\"86\" srcset=\"https:\/\/ktopytaniebladzi.com\/wp-content\/uploads\/2023\/03\/Untitled-1024x298.png 1024w, https:\/\/ktopytaniebladzi.com\/wp-content\/uploads\/2023\/03\/Untitled-300x87.png 300w, https:\/\/ktopytaniebladzi.com\/wp-content\/uploads\/2023\/03\/Untitled-768x224.png 768w, https:\/\/ktopytaniebladzi.com\/wp-content\/uploads\/2023\/03\/Untitled-1536x447.png 1536w, https:\/\/ktopytaniebladzi.com\/wp-content\/uploads\/2023\/03\/Untitled-2048x596.png 2048w, https:\/\/ktopytaniebladzi.com\/wp-content\/uploads\/2023\/03\/Untitled-2000x582.png 2000w\" sizes=\"auto, (max-width: 297px) 100vw, 297px\" \/> <\/p>\n<\/div>\n\n\n\n<div class=\"wp-block-column is-layout-flow wp-block-column-is-layout-flow\" style=\"flex-basis:25%\">\n<p><\/p>\n<\/div>\n<\/div>\n\n\n\n<div style=\"height:100px\" aria-hidden=\"true\" class=\"wp-block-spacer\"><\/div>\n","protected":false},"excerpt":{"rendered":"<p>Kto pyta nie b\u0142\u0105dzi! Projekt nastawiony na pytania oraz, przede wszystkim, odpowiedzi. Niecodzienne, oryginalne, a jak\u017ce wra\u017cliwe. W konkretnym odcinku wyst\u0119puje Go\u015b\u0107 b\u0105d\u017a Go\u015bcini, Ekspert b\u0105d\u017a Ekspertka, z kt\u00f3rym\/-\u0105 porozmawiam o sprawach wa\u017cnych i mniej wa\u017cnych, tych, kt\u00f3re Ci\u0119 zainteresuj\u0105 albo nie. Zapraszam Go\u015bci, z kt\u00f3rymi wsp\u00f3lnie szukamy odpowiedzi, bo podobno&#8230; O wszystkim warto rozmawia\u0107. &hellip; <\/p>\n<p class=\"link-more\"><a href=\"https:\/\/ktopytaniebladzi.com\/\" class=\"more-link\">Read more<span class=\"screen-reader-text\"> &#8222;Strona g\u0142\u00f3wna&#8221;<\/span><\/a><\/p>\n","protected":false},"author":1,"featured_media":0,"parent":0,"menu_order":0,"comment_status":"closed","ping_status":"closed","template":"page-templates\/homepage-builder-bb.php","meta":{"footnotes":""},"class_list":["post-77","page","type-page","status-publish","hentry"],"yoast_head":"<!-- This site is optimized with the Yoast SEO plugin v20.3 - https:\/\/yoast.com\/wordpress\/plugins\/seo\/ -->\n<title>Strona g\u0142\u00f3wna - kto pyta nie b\u0142\u0105dzi<\/title>\n<meta name=\"description\" content=\"Strona g\u0142\u00f3wna kto pyta nie b\u0142\u0105dzi -\" \/>\n<meta name=\"robots\" content=\"index, follow, max-snippet:-1, max-image-preview:large, max-video-preview:-1\" \/>\n<link rel=\"canonical\" href=\"https:\/\/ktopytaniebladzi.com\/\" \/>\n<meta property=\"og:locale\" content=\"pl_PL\" \/>\n<meta property=\"og:type\" content=\"article\" \/>\n<meta property=\"og:title\" content=\"Strona g\u0142\u00f3wna - kto pyta nie b\u0142\u0105dzi\" \/>\n<meta property=\"og:description\" content=\"Strona g\u0142\u00f3wna kto pyta nie b\u0142\u0105dzi -\" \/>\n<meta property=\"og:url\" content=\"https:\/\/ktopytaniebladzi.com\/\" \/>\n<meta property=\"og:site_name\" content=\"kto pyta nie b\u0142\u0105dzi\" \/>\n<meta property=\"article:publisher\" content=\"https:\/\/www.facebook.com\/bartosz.matras\" \/>\n<meta property=\"article:modified_time\" content=\"2023-03-18T20:23:00+00:00\" \/>\n<meta property=\"og:image\" content=\"http:\/\/ktopytaniebladzi.com\/wp-content\/uploads\/2023\/03\/cropped-logologo.png\" \/>\n<meta name=\"twitter:card\" content=\"summary_large_image\" \/>\n<meta name=\"twitter:label1\" content=\"Szacowany czas czytania\" \/>\n\t<meta name=\"twitter:data1\" content=\"1 minuta\" \/>\n<script type=\"application\/ld+json\" class=\"yoast-schema-graph\">{\"@context\":\"https:\/\/schema.org\",\"@graph\":[{\"@type\":\"WebPage\",\"@id\":\"https:\/\/ktopytaniebladzi.com\/\",\"url\":\"https:\/\/ktopytaniebladzi.com\/\",\"name\":\"Strona g\u0142\u00f3wna - kto pyta nie b\u0142\u0105dzi\",\"isPartOf\":{\"@id\":\"https:\/\/ktopytaniebladzi.com\/#website\"},\"datePublished\":\"2023-03-18T16:04:08+00:00\",\"dateModified\":\"2023-03-18T20:23:00+00:00\",\"description\":\"Strona g\u0142\u00f3wna kto pyta nie b\u0142\u0105dzi -\",\"breadcrumb\":{\"@id\":\"https:\/\/ktopytaniebladzi.com\/#breadcrumb\"},\"inLanguage\":\"pl-PL\",\"potentialAction\":[{\"@type\":\"ReadAction\",\"target\":[\"https:\/\/ktopytaniebladzi.com\/\"]}]},{\"@type\":\"BreadcrumbList\",\"@id\":\"https:\/\/ktopytaniebladzi.com\/#breadcrumb\",\"itemListElement\":[{\"@type\":\"ListItem\",\"position\":1,\"name\":\"Strona g\u0142\u00f3wna\",\"item\":\"https:\/\/ktopytaniebladzi.com\/\"},{\"@type\":\"ListItem\",\"position\":2,\"name\":\"Strona g\u0142\u00f3wna\"}]},{\"@type\":\"WebSite\",\"@id\":\"https:\/\/ktopytaniebladzi.com\/#website\",\"url\":\"https:\/\/ktopytaniebladzi.com\/\",\"name\":\"kto pyta nie b\u0142\u0105dzi\",\"description\":\"Podcast by Bartosz Matras\",\"publisher\":{\"@id\":\"https:\/\/ktopytaniebladzi.com\/#\/schema\/person\/88a1256ccb31aae1f3a4d7162116135c\"},\"potentialAction\":[{\"@type\":\"SearchAction\",\"target\":{\"@type\":\"EntryPoint\",\"urlTemplate\":\"https:\/\/ktopytaniebladzi.com\/?s={search_term_string}\"},\"query-input\":\"required name=search_term_string\"}],\"inLanguage\":\"pl-PL\"},{\"@type\":[\"Person\",\"Organization\"],\"@id\":\"https:\/\/ktopytaniebladzi.com\/#\/schema\/person\/88a1256ccb31aae1f3a4d7162116135c\",\"name\":\"Bartosz Matras\",\"image\":{\"@type\":\"ImageObject\",\"inLanguage\":\"pl-PL\",\"@id\":\"https:\/\/ktopytaniebladzi.com\/#\/schema\/person\/image\/\",\"url\":\"https:\/\/ktopytaniebladzi.com\/wp-content\/uploads\/2023\/03\/Bartosz-10.2.jpg\",\"contentUrl\":\"https:\/\/ktopytaniebladzi.com\/wp-content\/uploads\/2023\/03\/Bartosz-10.2.jpg\",\"width\":724,\"height\":1086,\"caption\":\"Bartosz Matras\"},\"logo\":{\"@id\":\"https:\/\/ktopytaniebladzi.com\/#\/schema\/person\/image\/\"},\"sameAs\":[\"https:\/\/ktopytaniebladzi.com\/\",\"https:\/\/www.facebook.com\/bartosz.matras\",\"https:\/\/www.instagram.com\/ktopyta_niebladzi\/\",\"https:\/\/www.linkedin.com\/in\/bartosz-matras-43637b259\/\",\"https:\/\/www.youtube.com\/@ktopytaniebladzi_bm\"]}]}<\/script>\n<!-- \/ Yoast SEO plugin. -->","yoast_head_json":{"title":"Strona g\u0142\u00f3wna - kto pyta nie b\u0142\u0105dzi","description":"Strona g\u0142\u00f3wna kto pyta nie b\u0142\u0105dzi -","robots":{"index":"index","follow":"follow","max-snippet":"max-snippet:-1","max-image-preview":"max-image-preview:large","max-video-preview":"max-video-preview:-1"},"canonical":"https:\/\/ktopytaniebladzi.com\/","og_locale":"pl_PL","og_type":"article","og_title":"Strona g\u0142\u00f3wna - kto pyta nie b\u0142\u0105dzi","og_description":"Strona g\u0142\u00f3wna kto pyta nie b\u0142\u0105dzi -","og_url":"https:\/\/ktopytaniebladzi.com\/","og_site_name":"kto pyta nie b\u0142\u0105dzi","article_publisher":"https:\/\/www.facebook.com\/bartosz.matras","article_modified_time":"2023-03-18T20:23:00+00:00","og_image":[{"url":"http:\/\/ktopytaniebladzi.com\/wp-content\/uploads\/2023\/03\/cropped-logologo.png"}],"twitter_card":"summary_large_image","twitter_misc":{"Szacowany czas czytania":"1 minuta"},"schema":{"@context":"https:\/\/schema.org","@graph":[{"@type":"WebPage","@id":"https:\/\/ktopytaniebladzi.com\/","url":"https:\/\/ktopytaniebladzi.com\/","name":"Strona g\u0142\u00f3wna - kto pyta nie b\u0142\u0105dzi","isPartOf":{"@id":"https:\/\/ktopytaniebladzi.com\/#website"},"datePublished":"2023-03-18T16:04:08+00:00","dateModified":"2023-03-18T20:23:00+00:00","description":"Strona g\u0142\u00f3wna kto pyta nie b\u0142\u0105dzi -","breadcrumb":{"@id":"https:\/\/ktopytaniebladzi.com\/#breadcrumb"},"inLanguage":"pl-PL","potentialAction":[{"@type":"ReadAction","target":["https:\/\/ktopytaniebladzi.com\/"]}]},{"@type":"BreadcrumbList","@id":"https:\/\/ktopytaniebladzi.com\/#breadcrumb","itemListElement":[{"@type":"ListItem","position":1,"name":"Strona g\u0142\u00f3wna","item":"https:\/\/ktopytaniebladzi.com\/"},{"@type":"ListItem","position":2,"name":"Strona g\u0142\u00f3wna"}]},{"@type":"WebSite","@id":"https:\/\/ktopytaniebladzi.com\/#website","url":"https:\/\/ktopytaniebladzi.com\/","name":"kto pyta nie b\u0142\u0105dzi","description":"Podcast by Bartosz Matras","publisher":{"@id":"https:\/\/ktopytaniebladzi.com\/#\/schema\/person\/88a1256ccb31aae1f3a4d7162116135c"},"potentialAction":[{"@type":"SearchAction","target":{"@type":"EntryPoint","urlTemplate":"https:\/\/ktopytaniebladzi.com\/?s={search_term_string}"},"query-input":"required name=search_term_string"}],"inLanguage":"pl-PL"},{"@type":["Person","Organization"],"@id":"https:\/\/ktopytaniebladzi.com\/#\/schema\/person\/88a1256ccb31aae1f3a4d7162116135c","name":"Bartosz Matras","image":{"@type":"ImageObject","inLanguage":"pl-PL","@id":"https:\/\/ktopytaniebladzi.com\/#\/schema\/person\/image\/","url":"https:\/\/ktopytaniebladzi.com\/wp-content\/uploads\/2023\/03\/Bartosz-10.2.jpg","contentUrl":"https:\/\/ktopytaniebladzi.com\/wp-content\/uploads\/2023\/03\/Bartosz-10.2.jpg","width":724,"height":1086,"caption":"Bartosz Matras"},"logo":{"@id":"https:\/\/ktopytaniebladzi.com\/#\/schema\/person\/image\/"},"sameAs":["https:\/\/ktopytaniebladzi.com\/","https:\/\/www.facebook.com\/bartosz.matras","https:\/\/www.instagram.com\/ktopyta_niebladzi\/","https:\/\/www.linkedin.com\/in\/bartosz-matras-43637b259\/","https:\/\/www.youtube.com\/@ktopytaniebladzi_bm"]}]}},"_links":{"self":[{"href":"https:\/\/ktopytaniebladzi.com\/index.php\/wp-json\/wp\/v2\/pages\/77","targetHints":{"allow":["GET"]}}],"collection":[{"href":"https:\/\/ktopytaniebladzi.com\/index.php\/wp-json\/wp\/v2\/pages"}],"about":[{"href":"https:\/\/ktopytaniebladzi.com\/index.php\/wp-json\/wp\/v2\/types\/page"}],"author":[{"embeddable":true,"href":"https:\/\/ktopytaniebladzi.com\/index.php\/wp-json\/wp\/v2\/users\/1"}],"replies":[{"embeddable":true,"href":"https:\/\/ktopytaniebladzi.com\/index.php\/wp-json\/wp\/v2\/comments?post=77"}],"version-history":[{"count":48,"href":"https:\/\/ktopytaniebladzi.com\/index.php\/wp-json\/wp\/v2\/pages\/77\/revisions"}],"predecessor-version":[{"id":230,"href":"https:\/\/ktopytaniebladzi.com\/index.php\/wp-json\/wp\/v2\/pages\/77\/revisions\/230"}],"wp:attachment":[{"href":"https:\/\/ktopytaniebladzi.com\/index.php\/wp-json\/wp\/v2\/media?parent=77"}],"curies":[{"name":"wp","href":"https:\/\/api.w.org\/{rel}","templated":true}]}}